{"id":3782,"date":"2024-01-04T13:00:46","date_gmt":"2024-01-04T12:00:46","guid":{"rendered":"https:\/\/stagpartynight.com\/it\/?post_type=product&#038;p=3782"},"modified":"2024-01-18T12:09:28","modified_gmt":"2024-01-18T11:09:28","slug":"modella-nudo-disegno-maiorca","status":"publish","type":"product","link":"https:\/\/stagpartynight.com\/it\/product\/modella-nudo-disegno-maiorca\/","title":{"rendered":"Modella Nudo disegno Maiorca"},"content":{"rendered":"<p>Modella Nudo disegno Maiorca. Disegno di modella nuda a Mallorca. Se vi piace mescolare arte e sensualit\u00e0, questa \u00e8 l&#8217;attivit\u00e0 che fa per voi!<\/p>\n<p>Le migliori feste di addio al celibato con <a href=\"https:\/\/stagpartynight.com\/\">Stagparty<\/a>!<\/p>\n<h2 style=\"text-align: center;\">Modella Nudo disegno Maiorca\ud83c\udfa8<\/h2>\n<h4>Quadri, tele e uno spettacolare nudo di donna\ud83d\udd25<\/h4>\n<p style=\"text-align: left;\">Ci sono molti tipi di viaggi e molti tipi di addii al celibato. Ma noi di Stagparty ne abbiamo per tutti i gusti! Se vi piace l&#8217;arte ma apprezzate anche i bei corpi femminili, smettete di pensare e prenotate questa attivit\u00e0.<\/p>\n<p style=\"text-align: left;\">Un&#8217;attivit\u00e0 originale e divertente, qualcuno dei vostri amici riuscir\u00e0 a rimanere concentrato e a fare un bel disegno guardando il corpo nudo della nostra bellissima modella?<\/p>\n<p>L&#8217;attivit\u00e0 comprende tutti i materiali necessari: il laboratorio, i colori, le tele e, soprattutto, una donna nuda! La modella si metter\u00e0 al centro del gruppo senza vestiti, sceglier\u00e0 una posa e rimarr\u00e0 immobile fino alla fine. Riuscirete a rimanere immobili?<\/p>\n<p>\u00c8 possibile includere champagne o vino per rendere l&#8217;attivit\u00e0 pi\u00f9 elegante e sensuale.\ud83c\udf77<\/p>\n<p>Un&#8217;attivit\u00e0 divertente e originale con gli amici, un momento di risate garantito! Naturalmente, alla fine dell&#8217;attivit\u00e0 potrete portare a casa la vostra tela (facendo attenzione a nasconderla bene).<\/p>\n<p style=\"text-align: center;\">\ud83d\udd25Prenota ora sensualit\u00e0 e arte\ud83d\udd25<\/p>\n<p style=\"text-align: center;\">Prenota ora Modella Nudo disegno <a href=\"http:\/\/calendar.google.com\/calendar\/u\/0\/r\/month\">Maiorca<\/a><\/p>\n","protected":false},"excerpt":{"rendered":"<p>Modella Nudo disegno Maiorca. Disegno di modella nuda a Mallorca. Se vi piace mescolare arte e sensualit\u00e0, questa \u00e8 l&#8217;attivit\u00e0 che fa per voi! Le migliori feste di addio al celibato con Stagparty! Modella Nudo disegno Maiorca\ud83c\udfa8 Quadri, tele e uno spettacolare nudo di donna\ud83d\udd25 Ci sono molti tipi di viaggi e molti tipi di [&hellip;]<\/p>\n","protected":false},"featured_media":3789,"comment_status":"open","ping_status":"closed","template":"","meta":{"_et_pb_use_builder":"","_et_pb_old_content":"","_et_gb_content_width":""},"product_brand":[],"product_cat":[19,342],"product_tag":[],"class_list":{"0":"post-3782","1":"product","2":"type-product","3":"status-publish","4":"has-post-thumbnail","6":"product_cat-sin-categorizar","7":"product_cat-mallorca","9":"first","10":"instock","11":"shipping-taxable","12":"product-type-simple"},"yoast_head":"<!-- This site is optimized with the Yoast SEO plugin v26.4 - https:\/\/yoast.com\/wordpress\/plugins\/seo\/ -->\n<title>Modella Nudo disegno Maiorca<\/title>\n<meta name=\"description\" content=\"Modella Nudo disegno Maiorca. Disegno di modella nuda a Mallorca. Se vi piace mescolare arte e sensualit\u00e0, questa \u00e8 l&#039;attivit\u00e0 che fa per voi!\" \/>\n<meta name=\"robots\" content=\"index, follow, max-snippet:-1, max-image-preview:large, max-video-preview:-1\" \/>\n<link rel=\"canonical\" href=\"https:\/\/stagpartynight.com\/it\/product\/modella-nudo-disegno-maiorca\/\" \/>\n<meta property=\"og:locale\" content=\"es_ES\" \/>\n<meta property=\"og:type\" content=\"article\" \/>\n<meta property=\"og:title\" content=\"Modella Nudo disegno Maiorca\" \/>\n<meta property=\"og:description\" content=\"Modella Nudo disegno Maiorca. Disegno di modella nuda a Mallorca. Se vi piace mescolare arte e sensualit\u00e0, questa \u00e8 l&#039;attivit\u00e0 che fa per voi!\" \/>\n<meta property=\"og:url\" content=\"https:\/\/stagpartynight.com\/it\/product\/modella-nudo-disegno-maiorca\/\" \/>\n<meta property=\"og:site_name\" content=\"Addii - Scopri le idee pi\u00f9 originali per il tuo prossimo addio\" \/>\n<meta property=\"article:modified_time\" content=\"2024-01-18T11:09:28+00:00\" \/>\n<meta property=\"og:image\" content=\"https:\/\/stagpartynight.com\/it\/wp-content\/uploads\/sites\/10\/2024\/01\/Modella-Nudo-disegno-Maiorca-1.jpg\" \/>\n\t<meta property=\"og:image:width\" content=\"541\" \/>\n\t<meta property=\"og:image:height\" content=\"768\" \/>\n\t<meta property=\"og:image:type\" content=\"image\/jpeg\" \/>\n<meta name=\"twitter:card\" content=\"summary_large_image\" \/>\n<meta name=\"twitter:label1\" content=\"Tiempo de lectura\" \/>\n\t<meta name=\"twitter:data1\" content=\"1 minuto\" \/>\n<script type=\"application\/ld+json\" class=\"yoast-schema-graph\">{\"@context\":\"https:\/\/schema.org\",\"@graph\":[{\"@type\":\"WebPage\",\"@id\":\"https:\/\/stagpartynight.com\/it\/product\/modella-nudo-disegno-maiorca\/\",\"url\":\"https:\/\/stagpartynight.com\/it\/product\/modella-nudo-disegno-maiorca\/\",\"name\":\"Modella Nudo disegno Maiorca\",\"isPartOf\":{\"@id\":\"https:\/\/stagpartynight.com\/it\/#website\"},\"primaryImageOfPage\":{\"@id\":\"https:\/\/stagpartynight.com\/it\/product\/modella-nudo-disegno-maiorca\/#primaryimage\"},\"image\":{\"@id\":\"https:\/\/stagpartynight.com\/it\/product\/modella-nudo-disegno-maiorca\/#primaryimage\"},\"thumbnailUrl\":\"https:\/\/stagpartynight.com\/it\/wp-content\/uploads\/sites\/10\/2024\/01\/Modella-Nudo-disegno-Maiorca-1.jpg\",\"datePublished\":\"2024-01-04T12:00:46+00:00\",\"dateModified\":\"2024-01-18T11:09:28+00:00\",\"description\":\"Modella Nudo disegno Maiorca. Disegno di modella nuda a Mallorca. Se vi piace mescolare arte e sensualit\u00e0, questa \u00e8 l'attivit\u00e0 che fa per voi!\",\"breadcrumb\":{\"@id\":\"https:\/\/stagpartynight.com\/it\/product\/modella-nudo-disegno-maiorca\/#breadcrumb\"},\"inLanguage\":\"es\",\"potentialAction\":[{\"@type\":\"ReadAction\",\"target\":[\"https:\/\/stagpartynight.com\/it\/product\/modella-nudo-disegno-maiorca\/\"]}]},{\"@type\":\"ImageObject\",\"inLanguage\":\"es\",\"@id\":\"https:\/\/stagpartynight.com\/it\/product\/modella-nudo-disegno-maiorca\/#primaryimage\",\"url\":\"https:\/\/stagpartynight.com\/it\/wp-content\/uploads\/sites\/10\/2024\/01\/Modella-Nudo-disegno-Maiorca-1.jpg\",\"contentUrl\":\"https:\/\/stagpartynight.com\/it\/wp-content\/uploads\/sites\/10\/2024\/01\/Modella-Nudo-disegno-Maiorca-1.jpg\",\"width\":541,\"height\":768,\"caption\":\"Modella Nudo disegno Maiorca\"},{\"@type\":\"BreadcrumbList\",\"@id\":\"https:\/\/stagpartynight.com\/it\/product\/modella-nudo-disegno-maiorca\/#breadcrumb\",\"itemListElement\":[{\"@type\":\"ListItem\",\"position\":1,\"name\":\"Home\",\"item\":\"https:\/\/stagpartynight.com\/it\/\"},{\"@type\":\"ListItem\",\"position\":2,\"name\":\"Tienda\",\"item\":\"https:\/\/stagpartynight.com\/it\/tienda\/\"},{\"@type\":\"ListItem\",\"position\":3,\"name\":\"Modella Nudo disegno Maiorca\"}]},{\"@type\":\"WebSite\",\"@id\":\"https:\/\/stagpartynight.com\/it\/#website\",\"url\":\"https:\/\/stagpartynight.com\/it\/\",\"name\":\"Stag Party Night\",\"description\":\"Your Stag Party Customized\",\"publisher\":{\"@id\":\"https:\/\/stagpartynight.com\/it\/#organization\"},\"potentialAction\":[{\"@type\":\"SearchAction\",\"target\":{\"@type\":\"EntryPoint\",\"urlTemplate\":\"https:\/\/stagpartynight.com\/it\/?s={search_term_string}\"},\"query-input\":{\"@type\":\"PropertyValueSpecification\",\"valueRequired\":true,\"valueName\":\"search_term_string\"}}],\"inLanguage\":\"es\"},{\"@type\":\"Organization\",\"@id\":\"https:\/\/stagpartynight.com\/it\/#organization\",\"name\":\"Stag Party Night\",\"url\":\"https:\/\/stagpartynight.com\/it\/\",\"logo\":{\"@type\":\"ImageObject\",\"inLanguage\":\"es\",\"@id\":\"https:\/\/stagpartynight.com\/it\/#\/schema\/logo\/image\/\",\"url\":\"https:\/\/stagpartynight.com\/it\/wp-content\/uploads\/sites\/10\/2019\/12\/stagpartynight-e1578565505687.png\",\"contentUrl\":\"https:\/\/stagpartynight.com\/it\/wp-content\/uploads\/sites\/10\/2019\/12\/stagpartynight-e1578565505687.png\",\"width\":400,\"height\":400,\"caption\":\"Stag Party Night\"},\"image\":{\"@id\":\"https:\/\/stagpartynight.com\/it\/#\/schema\/logo\/image\/\"}}]}<\/script>\n<!-- \/ Yoast SEO plugin. -->","yoast_head_json":{"title":"Modella Nudo disegno Maiorca","description":"Modella Nudo disegno Maiorca. Disegno di modella nuda a Mallorca. Se vi piace mescolare arte e sensualit\u00e0, questa \u00e8 l'attivit\u00e0 che fa per voi!","robots":{"index":"index","follow":"follow","max-snippet":"max-snippet:-1","max-image-preview":"max-image-preview:large","max-video-preview":"max-video-preview:-1"},"canonical":"https:\/\/stagpartynight.com\/it\/product\/modella-nudo-disegno-maiorca\/","og_locale":"es_ES","og_type":"article","og_title":"Modella Nudo disegno Maiorca","og_description":"Modella Nudo disegno Maiorca. Disegno di modella nuda a Mallorca. Se vi piace mescolare arte e sensualit\u00e0, questa \u00e8 l'attivit\u00e0 che fa per voi!","og_url":"https:\/\/stagpartynight.com\/it\/product\/modella-nudo-disegno-maiorca\/","og_site_name":"Addii - Scopri le idee pi\u00f9 originali per il tuo prossimo addio","article_modified_time":"2024-01-18T11:09:28+00:00","og_image":[{"width":541,"height":768,"url":"https:\/\/stagpartynight.com\/it\/wp-content\/uploads\/sites\/10\/2024\/01\/Modella-Nudo-disegno-Maiorca-1.jpg","type":"image\/jpeg"}],"twitter_card":"summary_large_image","twitter_misc":{"Tiempo de lectura":"1 minuto"},"schema":{"@context":"https:\/\/schema.org","@graph":[{"@type":"WebPage","@id":"https:\/\/stagpartynight.com\/it\/product\/modella-nudo-disegno-maiorca\/","url":"https:\/\/stagpartynight.com\/it\/product\/modella-nudo-disegno-maiorca\/","name":"Modella Nudo disegno Maiorca","isPartOf":{"@id":"https:\/\/stagpartynight.com\/it\/#website"},"primaryImageOfPage":{"@id":"https:\/\/stagpartynight.com\/it\/product\/modella-nudo-disegno-maiorca\/#primaryimage"},"image":{"@id":"https:\/\/stagpartynight.com\/it\/product\/modella-nudo-disegno-maiorca\/#primaryimage"},"thumbnailUrl":"https:\/\/stagpartynight.com\/it\/wp-content\/uploads\/sites\/10\/2024\/01\/Modella-Nudo-disegno-Maiorca-1.jpg","datePublished":"2024-01-04T12:00:46+00:00","dateModified":"2024-01-18T11:09:28+00:00","description":"Modella Nudo disegno Maiorca. Disegno di modella nuda a Mallorca. Se vi piace mescolare arte e sensualit\u00e0, questa \u00e8 l'attivit\u00e0 che fa per voi!","breadcrumb":{"@id":"https:\/\/stagpartynight.com\/it\/product\/modella-nudo-disegno-maiorca\/#breadcrumb"},"inLanguage":"es","potentialAction":[{"@type":"ReadAction","target":["https:\/\/stagpartynight.com\/it\/product\/modella-nudo-disegno-maiorca\/"]}]},{"@type":"ImageObject","inLanguage":"es","@id":"https:\/\/stagpartynight.com\/it\/product\/modella-nudo-disegno-maiorca\/#primaryimage","url":"https:\/\/stagpartynight.com\/it\/wp-content\/uploads\/sites\/10\/2024\/01\/Modella-Nudo-disegno-Maiorca-1.jpg","contentUrl":"https:\/\/stagpartynight.com\/it\/wp-content\/uploads\/sites\/10\/2024\/01\/Modella-Nudo-disegno-Maiorca-1.jpg","width":541,"height":768,"caption":"Modella Nudo disegno Maiorca"},{"@type":"BreadcrumbList","@id":"https:\/\/stagpartynight.com\/it\/product\/modella-nudo-disegno-maiorca\/#breadcrumb","itemListElement":[{"@type":"ListItem","position":1,"name":"Home","item":"https:\/\/stagpartynight.com\/it\/"},{"@type":"ListItem","position":2,"name":"Tienda","item":"https:\/\/stagpartynight.com\/it\/tienda\/"},{"@type":"ListItem","position":3,"name":"Modella Nudo disegno Maiorca"}]},{"@type":"WebSite","@id":"https:\/\/stagpartynight.com\/it\/#website","url":"https:\/\/stagpartynight.com\/it\/","name":"Stag Party Night","description":"Your Stag Party Customized","publisher":{"@id":"https:\/\/stagpartynight.com\/it\/#organization"},"potentialAction":[{"@type":"SearchAction","target":{"@type":"EntryPoint","urlTemplate":"https:\/\/stagpartynight.com\/it\/?s={search_term_string}"},"query-input":{"@type":"PropertyValueSpecification","valueRequired":true,"valueName":"search_term_string"}}],"inLanguage":"es"},{"@type":"Organization","@id":"https:\/\/stagpartynight.com\/it\/#organization","name":"Stag Party Night","url":"https:\/\/stagpartynight.com\/it\/","logo":{"@type":"ImageObject","inLanguage":"es","@id":"https:\/\/stagpartynight.com\/it\/#\/schema\/logo\/image\/","url":"https:\/\/stagpartynight.com\/it\/wp-content\/uploads\/sites\/10\/2019\/12\/stagpartynight-e1578565505687.png","contentUrl":"https:\/\/stagpartynight.com\/it\/wp-content\/uploads\/sites\/10\/2019\/12\/stagpartynight-e1578565505687.png","width":400,"height":400,"caption":"Stag Party Night"},"image":{"@id":"https:\/\/stagpartynight.com\/it\/#\/schema\/logo\/image\/"}}]}},"_links":{"self":[{"href":"https:\/\/stagpartynight.com\/it\/wp-json\/wp\/v2\/product\/3782","targetHints":{"allow":["GET"]}}],"collection":[{"href":"https:\/\/stagpartynight.com\/it\/wp-json\/wp\/v2\/product"}],"about":[{"href":"https:\/\/stagpartynight.com\/it\/wp-json\/wp\/v2\/types\/product"}],"replies":[{"embeddable":true,"href":"https:\/\/stagpartynight.com\/it\/wp-json\/wp\/v2\/comments?post=3782"}],"wp:featuredmedia":[{"embeddable":true,"href":"https:\/\/stagpartynight.com\/it\/wp-json\/wp\/v2\/media\/3789"}],"wp:attachment":[{"href":"https:\/\/stagpartynight.com\/it\/wp-json\/wp\/v2\/media?parent=3782"}],"wp:term":[{"taxonomy":"product_brand","embeddable":true,"href":"https:\/\/stagpartynight.com\/it\/wp-json\/wp\/v2\/product_brand?post=3782"},{"taxonomy":"product_cat","embeddable":true,"href":"https:\/\/stagpartynight.com\/it\/wp-json\/wp\/v2\/product_cat?post=3782"},{"taxonomy":"product_tag","embeddable":true,"href":"https:\/\/stagpartynight.com\/it\/wp-json\/wp\/v2\/product_tag?post=3782"}],"curies":[{"name":"wp","href":"https:\/\/api.w.org\/{rel}","templated":true}]}}