{"id":3786,"date":"2024-01-08T10:20:20","date_gmt":"2024-01-08T09:20:20","guid":{"rendered":"https:\/\/stagpartynight.com\/it\/?post_type=product&#038;p=3786"},"modified":"2024-01-30T10:52:07","modified_gmt":"2024-01-30T09:52:07","slug":"stripper-nana-ibiza","status":"publish","type":"product","link":"https:\/\/stagpartynight.com\/it\/product\/stripper-nana-ibiza\/","title":{"rendered":"Stripper Nana Ibiza"},"content":{"rendered":"<p>Stripper Nana Ibiza. Un piccolo regalo per lo sposo. Piccolo Stripteaseur. Divertimento e sorpresa garantiti. Spettacolo privato.<\/p>\n<p>Il migliori addio al celibato con <a href=\"https:\/\/stagpartynight.com\/\">StagParty<\/a>!<\/p>\n<h2 style=\"text-align: center;\">Stripper Nana Ibiza, Nana Spogliarellista\ud83c\udf89<\/h2>\n<p>Regalate al futuro sposo un piccolo striptease per fargli la sorpresa della sua vita al suo addio al celibato a Ibiza con il nostro Piccolo Spogliarellista!<\/p>\n<p>L&#8217;attivit\u00e0 tipica dell&#8217;addio al celibato \u00e8 lo striptease. Lo striptease \u00e8 sempre un successo, un classico dell&#8217;addio al celibato. Ma se non vi piace il tipico e volete davvero sorprendere lo sposo, questa \u00e8 l&#8217;attivit\u00e0 che fa per voi!<\/p>\n<p>Se volete assicurarvi una grande sorpresa (o una piccola sorpresa in questo caso), non scegliete una spogliarellista classica con un corpo incredibile che fa salire la temperatura (anche se se volete questa opzione, l&#8217;abbiamo anche nella nostra agenzia). Optate invece per una spogliarellista minuta che sar\u00e0 in grado di offrire alla vostra amica uno spettacolo sexy e sensuale in cui la sorpresa \u00e8 totalmente garantita. \ud83d\udd25<\/p>\n<p>Sorprendete lo sposo e i suoi amici con lo spogliarello nano. Scattate foto e prendete in giro l&#8217;originale viaggio che avete organizzato! \ud83d\udcf7<\/p>\n<p style=\"text-align: center;\">\u2b50 Prenotate lo spettacolo pi\u00f9 originale di Ibiza\u2b50<br \/>\nPrenota Stripper Nain <a href=\"https:\/\/es.wikipedia.org\/wiki\/Ibiza\">Ibiza<\/a><\/p>\n","protected":false},"excerpt":{"rendered":"<p>Stripper Nana Ibiza. Un piccolo regalo per lo sposo. Piccolo Stripteaseur. Divertimento e sorpresa garantiti. Spettacolo privato. Il migliori addio al celibato con StagParty! Stripper Nana Ibiza, Nana Spogliarellista\ud83c\udf89 Regalate al futuro sposo un piccolo striptease per fargli la sorpresa della sua vita al suo addio al celibato a Ibiza con il nostro Piccolo Spogliarellista! [&hellip;]<\/p>\n","protected":false},"featured_media":1904,"comment_status":"open","ping_status":"closed","template":"","meta":{"_et_pb_use_builder":"","_et_pb_old_content":"","_et_gb_content_width":""},"product_brand":[],"product_cat":[113,19],"product_tag":[],"class_list":{"0":"post-3786","1":"product","2":"type-product","3":"status-publish","4":"has-post-thumbnail","6":"product_cat-ibiza","7":"product_cat-sin-categorizar","9":"first","10":"instock","11":"shipping-taxable","12":"product-type-simple"},"yoast_head":"<!-- This site is optimized with the Yoast SEO Premium plugin v27.5 (Yoast SEO v27.5) - https:\/\/yoast.com\/product\/yoast-seo-premium-wordpress\/ -->\n<title>Stripper Nana Ibiza<\/title>\n<meta name=\"description\" content=\"Stripper Nana Ibiza. Un piccolo regalo per lo sposo. Piccolo Stripteaseur. Divertimento e sorpresa garantiti. Spettacolo privato.\" \/>\n<meta name=\"robots\" content=\"index, follow, max-snippet:-1, max-image-preview:large, max-video-preview:-1\" \/>\n<link rel=\"canonical\" href=\"https:\/\/stagpartynight.com\/it\/product\/stripper-nana-ibiza\/\" \/>\n<meta property=\"og:locale\" content=\"es_ES\" \/>\n<meta property=\"og:type\" content=\"article\" \/>\n<meta property=\"og:title\" content=\"Stripper Nana Ibiza\" \/>\n<meta property=\"og:description\" content=\"Stripper Nana Ibiza. Un piccolo regalo per lo sposo. Piccolo Stripteaseur. Divertimento e sorpresa garantiti. Spettacolo privato.\" \/>\n<meta property=\"og:url\" content=\"https:\/\/stagpartynight.com\/it\/product\/stripper-nana-ibiza\/\" \/>\n<meta property=\"og:site_name\" content=\"Addii - Scopri le idee pi\u00f9 originali per il tuo prossimo addio\" \/>\n<meta property=\"article:modified_time\" content=\"2024-01-30T09:52:07+00:00\" \/>\n<meta property=\"og:image\" content=\"https:\/\/stagpartynight.com\/it\/wp-content\/uploads\/sites\/10\/2020\/01\/Enana.jpeg\" \/>\n\t<meta property=\"og:image:width\" content=\"320\" \/>\n\t<meta property=\"og:image:height\" content=\"240\" \/>\n\t<meta property=\"og:image:type\" content=\"image\/jpeg\" \/>\n<meta name=\"twitter:card\" content=\"summary_large_image\" \/>\n<meta name=\"twitter:label1\" content=\"Tiempo de lectura\" \/>\n\t<meta name=\"twitter:data1\" content=\"1 minuto\" \/>\n<script type=\"application\/ld+json\" class=\"yoast-schema-graph\">{\"@context\":\"https:\\\/\\\/schema.org\",\"@graph\":[{\"@type\":\"WebPage\",\"@id\":\"https:\\\/\\\/stagpartynight.com\\\/it\\\/product\\\/stripper-nana-ibiza\\\/\",\"url\":\"https:\\\/\\\/stagpartynight.com\\\/it\\\/product\\\/stripper-nana-ibiza\\\/\",\"name\":\"Stripper Nana Ibiza\",\"isPartOf\":{\"@id\":\"https:\\\/\\\/stagpartynight.com\\\/it\\\/#website\"},\"primaryImageOfPage\":{\"@id\":\"https:\\\/\\\/stagpartynight.com\\\/it\\\/product\\\/stripper-nana-ibiza\\\/#primaryimage\"},\"image\":{\"@id\":\"https:\\\/\\\/stagpartynight.com\\\/it\\\/product\\\/stripper-nana-ibiza\\\/#primaryimage\"},\"thumbnailUrl\":\"https:\\\/\\\/stagpartynight.com\\\/it\\\/wp-content\\\/uploads\\\/sites\\\/10\\\/2020\\\/01\\\/Enana.jpeg\",\"datePublished\":\"2024-01-08T09:20:20+00:00\",\"dateModified\":\"2024-01-30T09:52:07+00:00\",\"description\":\"Stripper Nana Ibiza. Un piccolo regalo per lo sposo. Piccolo Stripteaseur. Divertimento e sorpresa garantiti. Spettacolo privato.\",\"breadcrumb\":{\"@id\":\"https:\\\/\\\/stagpartynight.com\\\/it\\\/product\\\/stripper-nana-ibiza\\\/#breadcrumb\"},\"inLanguage\":\"es\",\"potentialAction\":[{\"@type\":\"ReadAction\",\"target\":[\"https:\\\/\\\/stagpartynight.com\\\/it\\\/product\\\/stripper-nana-ibiza\\\/\"]}]},{\"@type\":\"ImageObject\",\"inLanguage\":\"es\",\"@id\":\"https:\\\/\\\/stagpartynight.com\\\/it\\\/product\\\/stripper-nana-ibiza\\\/#primaryimage\",\"url\":\"https:\\\/\\\/stagpartynight.com\\\/it\\\/wp-content\\\/uploads\\\/sites\\\/10\\\/2020\\\/01\\\/Enana.jpeg\",\"contentUrl\":\"https:\\\/\\\/stagpartynight.com\\\/it\\\/wp-content\\\/uploads\\\/sites\\\/10\\\/2020\\\/01\\\/Enana.jpeg\",\"width\":320,\"height\":240,\"caption\":\"Stripper Nana Ibiza\"},{\"@type\":\"BreadcrumbList\",\"@id\":\"https:\\\/\\\/stagpartynight.com\\\/it\\\/product\\\/stripper-nana-ibiza\\\/#breadcrumb\",\"itemListElement\":[{\"@type\":\"ListItem\",\"position\":1,\"name\":\"Home\",\"item\":\"https:\\\/\\\/stagpartynight.com\\\/it\\\/\"},{\"@type\":\"ListItem\",\"position\":2,\"name\":\"Tienda\",\"item\":\"https:\\\/\\\/stagpartynight.com\\\/it\\\/tienda\\\/\"},{\"@type\":\"ListItem\",\"position\":3,\"name\":\"Stripper Nana Ibiza\"}]},{\"@type\":\"WebSite\",\"@id\":\"https:\\\/\\\/stagpartynight.com\\\/it\\\/#website\",\"url\":\"https:\\\/\\\/stagpartynight.com\\\/it\\\/\",\"name\":\"Stag Party Night\",\"description\":\"Your Stag Party Customized\",\"publisher\":{\"@id\":\"https:\\\/\\\/stagpartynight.com\\\/it\\\/#organization\"},\"potentialAction\":[{\"@type\":\"SearchAction\",\"target\":{\"@type\":\"EntryPoint\",\"urlTemplate\":\"https:\\\/\\\/stagpartynight.com\\\/it\\\/?s={search_term_string}\"},\"query-input\":{\"@type\":\"PropertyValueSpecification\",\"valueRequired\":true,\"valueName\":\"search_term_string\"}}],\"inLanguage\":\"es\"},{\"@type\":\"Organization\",\"@id\":\"https:\\\/\\\/stagpartynight.com\\\/it\\\/#organization\",\"name\":\"Stag Party Night\",\"url\":\"https:\\\/\\\/stagpartynight.com\\\/it\\\/\",\"logo\":{\"@type\":\"ImageObject\",\"inLanguage\":\"es\",\"@id\":\"https:\\\/\\\/stagpartynight.com\\\/it\\\/#\\\/schema\\\/logo\\\/image\\\/\",\"url\":\"https:\\\/\\\/stagpartynight.com\\\/it\\\/wp-content\\\/uploads\\\/sites\\\/10\\\/2019\\\/12\\\/stagpartynight-e1578565505687.png\",\"contentUrl\":\"https:\\\/\\\/stagpartynight.com\\\/it\\\/wp-content\\\/uploads\\\/sites\\\/10\\\/2019\\\/12\\\/stagpartynight-e1578565505687.png\",\"width\":400,\"height\":400,\"caption\":\"Stag Party Night\"},\"image\":{\"@id\":\"https:\\\/\\\/stagpartynight.com\\\/it\\\/#\\\/schema\\\/logo\\\/image\\\/\"}}]}<\/script>\n<!-- \/ Yoast SEO Premium plugin. -->","yoast_head_json":{"title":"Stripper Nana Ibiza","description":"Stripper Nana Ibiza. Un piccolo regalo per lo sposo. Piccolo Stripteaseur. Divertimento e sorpresa garantiti. Spettacolo privato.","robots":{"index":"index","follow":"follow","max-snippet":"max-snippet:-1","max-image-preview":"max-image-preview:large","max-video-preview":"max-video-preview:-1"},"canonical":"https:\/\/stagpartynight.com\/it\/product\/stripper-nana-ibiza\/","og_locale":"es_ES","og_type":"article","og_title":"Stripper Nana Ibiza","og_description":"Stripper Nana Ibiza. Un piccolo regalo per lo sposo. Piccolo Stripteaseur. Divertimento e sorpresa garantiti. Spettacolo privato.","og_url":"https:\/\/stagpartynight.com\/it\/product\/stripper-nana-ibiza\/","og_site_name":"Addii - Scopri le idee pi\u00f9 originali per il tuo prossimo addio","article_modified_time":"2024-01-30T09:52:07+00:00","og_image":[{"width":320,"height":240,"url":"https:\/\/stagpartynight.com\/it\/wp-content\/uploads\/sites\/10\/2020\/01\/Enana.jpeg","type":"image\/jpeg"}],"twitter_card":"summary_large_image","twitter_misc":{"Tiempo de lectura":"1 minuto"},"schema":{"@context":"https:\/\/schema.org","@graph":[{"@type":"WebPage","@id":"https:\/\/stagpartynight.com\/it\/product\/stripper-nana-ibiza\/","url":"https:\/\/stagpartynight.com\/it\/product\/stripper-nana-ibiza\/","name":"Stripper Nana Ibiza","isPartOf":{"@id":"https:\/\/stagpartynight.com\/it\/#website"},"primaryImageOfPage":{"@id":"https:\/\/stagpartynight.com\/it\/product\/stripper-nana-ibiza\/#primaryimage"},"image":{"@id":"https:\/\/stagpartynight.com\/it\/product\/stripper-nana-ibiza\/#primaryimage"},"thumbnailUrl":"https:\/\/stagpartynight.com\/it\/wp-content\/uploads\/sites\/10\/2020\/01\/Enana.jpeg","datePublished":"2024-01-08T09:20:20+00:00","dateModified":"2024-01-30T09:52:07+00:00","description":"Stripper Nana Ibiza. Un piccolo regalo per lo sposo. Piccolo Stripteaseur. Divertimento e sorpresa garantiti. Spettacolo privato.","breadcrumb":{"@id":"https:\/\/stagpartynight.com\/it\/product\/stripper-nana-ibiza\/#breadcrumb"},"inLanguage":"es","potentialAction":[{"@type":"ReadAction","target":["https:\/\/stagpartynight.com\/it\/product\/stripper-nana-ibiza\/"]}]},{"@type":"ImageObject","inLanguage":"es","@id":"https:\/\/stagpartynight.com\/it\/product\/stripper-nana-ibiza\/#primaryimage","url":"https:\/\/stagpartynight.com\/it\/wp-content\/uploads\/sites\/10\/2020\/01\/Enana.jpeg","contentUrl":"https:\/\/stagpartynight.com\/it\/wp-content\/uploads\/sites\/10\/2020\/01\/Enana.jpeg","width":320,"height":240,"caption":"Stripper Nana Ibiza"},{"@type":"BreadcrumbList","@id":"https:\/\/stagpartynight.com\/it\/product\/stripper-nana-ibiza\/#breadcrumb","itemListElement":[{"@type":"ListItem","position":1,"name":"Home","item":"https:\/\/stagpartynight.com\/it\/"},{"@type":"ListItem","position":2,"name":"Tienda","item":"https:\/\/stagpartynight.com\/it\/tienda\/"},{"@type":"ListItem","position":3,"name":"Stripper Nana Ibiza"}]},{"@type":"WebSite","@id":"https:\/\/stagpartynight.com\/it\/#website","url":"https:\/\/stagpartynight.com\/it\/","name":"Stag Party Night","description":"Your Stag Party Customized","publisher":{"@id":"https:\/\/stagpartynight.com\/it\/#organization"},"potentialAction":[{"@type":"SearchAction","target":{"@type":"EntryPoint","urlTemplate":"https:\/\/stagpartynight.com\/it\/?s={search_term_string}"},"query-input":{"@type":"PropertyValueSpecification","valueRequired":true,"valueName":"search_term_string"}}],"inLanguage":"es"},{"@type":"Organization","@id":"https:\/\/stagpartynight.com\/it\/#organization","name":"Stag Party Night","url":"https:\/\/stagpartynight.com\/it\/","logo":{"@type":"ImageObject","inLanguage":"es","@id":"https:\/\/stagpartynight.com\/it\/#\/schema\/logo\/image\/","url":"https:\/\/stagpartynight.com\/it\/wp-content\/uploads\/sites\/10\/2019\/12\/stagpartynight-e1578565505687.png","contentUrl":"https:\/\/stagpartynight.com\/it\/wp-content\/uploads\/sites\/10\/2019\/12\/stagpartynight-e1578565505687.png","width":400,"height":400,"caption":"Stag Party Night"},"image":{"@id":"https:\/\/stagpartynight.com\/it\/#\/schema\/logo\/image\/"}}]}},"_links":{"self":[{"href":"https:\/\/stagpartynight.com\/it\/wp-json\/wp\/v2\/product\/3786","targetHints":{"allow":["GET"]}}],"collection":[{"href":"https:\/\/stagpartynight.com\/it\/wp-json\/wp\/v2\/product"}],"about":[{"href":"https:\/\/stagpartynight.com\/it\/wp-json\/wp\/v2\/types\/product"}],"replies":[{"embeddable":true,"href":"https:\/\/stagpartynight.com\/it\/wp-json\/wp\/v2\/comments?post=3786"}],"wp:featuredmedia":[{"embeddable":true,"href":"https:\/\/stagpartynight.com\/it\/wp-json\/wp\/v2\/media\/1904"}],"wp:attachment":[{"href":"https:\/\/stagpartynight.com\/it\/wp-json\/wp\/v2\/media?parent=3786"}],"wp:term":[{"taxonomy":"product_brand","embeddable":true,"href":"https:\/\/stagpartynight.com\/it\/wp-json\/wp\/v2\/product_brand?post=3786"},{"taxonomy":"product_cat","embeddable":true,"href":"https:\/\/stagpartynight.com\/it\/wp-json\/wp\/v2\/product_cat?post=3786"},{"taxonomy":"product_tag","embeddable":true,"href":"https:\/\/stagpartynight.com\/it\/wp-json\/wp\/v2\/product_tag?post=3786"}],"curies":[{"name":"wp","href":"https:\/\/api.w.org\/{rel}","templated":true}]}}