{"id":3787,"date":"2024-01-08T10:22:43","date_gmt":"2024-01-08T09:22:43","guid":{"rendered":"https:\/\/stagpartynight.com\/it\/?post_type=product&#038;p=3787"},"modified":"2024-01-30T10:52:06","modified_gmt":"2024-01-30T09:52:06","slug":"nano-ammanettato-ibiza","status":"publish","type":"product","link":"https:\/\/stagpartynight.com\/it\/product\/nano-ammanettato-ibiza\/","title":{"rendered":"Nano Ammanettato Ibiza"},"content":{"rendered":"<p>Nano Ammanettato Ibiza.\u00a0 Un&#8217;attivit\u00e0 assolutamente insolita e divertente per il vostro addio al celibato a Ibiza: noleggiate un nano che vi accompagni per 1 ora ammanettato a voi! Risate garantite.<\/p>\n<p>Le migliori feste di addio al celibato\u00a0 con <a href=\"https:\/\/stagpartynight.com\/\">StagParty<\/a>!<\/p>\n<h2 style=\"text-align: center;\">Nano Ammanettato Ibiza\ud83d\udc66<\/h2>\n<p>Il futuro sposo organizza il suo addio al celibato a Ibiza senza tener conto che potrebbero esserci delle sorprese.<\/p>\n<p>Lo sposo sar\u00e0 preparato per una notte sull&#8217;isola; pronto a bere qualche drink e a godersi la sua ultima notte da scapolo. Ma immaginate la sua faccia quando incontrer\u00e0 il nostro nano: un attore professionista abituato a fare spettacoli, comico e divertente. Il nano ammanetter\u00e0 lo sposo per un&#8217;ora intera. Se lo sposo va in bagno, ci andr\u00e0 anche il nano, se vuole parlare con una ragazza, dovr\u00e0 parlare con il nano!<\/p>\n<p style=\"text-align: center;\">Un&#8217;esperienza dalle risate assicurate, forse lo sposo non la trover\u00e0 divertente ma tutti i suoi amici la adoreranno!<\/p>\n<p>Questo nano ammanettato \u00e8 un&#8217;attivit\u00e0 dinamica, divertente e originale per l&#8217;addio al celibato e al nubilato. Non tutti possono dire di essere stati ammanettati a un nano per un&#8217;ora! Questa \u00e8 senza dubbio una delle attivit\u00e0 pi\u00f9 originali per un addio al celibato.<\/p>\n<p>Potete fare un bello scherzo al futuro sposo beccandolo con un nano ammanettato, questo non sar\u00e0 sicuramente molto divertente ma sar\u00e0 un ricordo memorabile e indimenticabile per il futuro sposo durante il suo addio al celibato a Ibiza.<\/p>\n<p>Pertanto, l&#8217;attivit\u00e0 del nano ammanettato dovrebbe essere aggiunta al vostro soggiorno se volete fare un bello scherzo al futuro sposo.<\/p>\n<p style=\"text-align: center;\">Prenota ora Nano Ammanettato <a href=\"https:\/\/es.wikipedia.org\/wiki\/Ibiza\">Ibiza<\/a>\ud83c\udf89<\/p>\n","protected":false},"excerpt":{"rendered":"<p>Nano Ammanettato Ibiza.\u00a0 Un&#8217;attivit\u00e0 assolutamente insolita e divertente per il vostro addio al celibato a Ibiza: noleggiate un nano che vi accompagni per 1 ora ammanettato a voi! Risate garantite. Le migliori feste di addio al celibato\u00a0 con StagParty! Nano Ammanettato Ibiza\ud83d\udc66 Il futuro sposo organizza il suo addio al celibato a Ibiza senza tener [&hellip;]<\/p>\n","protected":false},"featured_media":3788,"comment_status":"open","ping_status":"closed","template":"","meta":{"_et_pb_use_builder":"","_et_pb_old_content":"","_et_gb_content_width":""},"product_brand":[],"product_cat":[19,113],"product_tag":[],"class_list":{"0":"post-3787","1":"product","2":"type-product","3":"status-publish","4":"has-post-thumbnail","6":"product_cat-sin-categorizar","7":"product_cat-ibiza","9":"first","10":"instock","11":"shipping-taxable","12":"product-type-simple"},"yoast_head":"<!-- This site is optimized with the Yoast SEO plugin v26.4 - https:\/\/yoast.com\/wordpress\/plugins\/seo\/ -->\n<title>Nano Ammanettato Ibiza<\/title>\n<meta name=\"description\" content=\"Nano Ammanettato Ibiza. Un&#039;attivit\u00e0 divertente per il vostro addio al celibato a Ibiza: un nano che vi accompagni per 1 ora ammanettato a voi!\" \/>\n<meta name=\"robots\" content=\"index, follow, max-snippet:-1, max-image-preview:large, max-video-preview:-1\" \/>\n<link rel=\"canonical\" href=\"https:\/\/stagpartynight.com\/it\/product\/nano-ammanettato-ibiza\/\" \/>\n<meta property=\"og:locale\" content=\"es_ES\" \/>\n<meta property=\"og:type\" content=\"article\" \/>\n<meta property=\"og:title\" content=\"Nano Ammanettato Ibiza\" \/>\n<meta property=\"og:description\" content=\"Nano Ammanettato Ibiza. Un&#039;attivit\u00e0 divertente per il vostro addio al celibato a Ibiza: un nano che vi accompagni per 1 ora ammanettato a voi!\" \/>\n<meta property=\"og:url\" content=\"https:\/\/stagpartynight.com\/it\/product\/nano-ammanettato-ibiza\/\" \/>\n<meta property=\"og:site_name\" content=\"Addii - Scopri le idee pi\u00f9 originali per il tuo prossimo addio\" \/>\n<meta property=\"article:modified_time\" content=\"2024-01-30T09:52:06+00:00\" \/>\n<meta property=\"og:image\" content=\"https:\/\/stagpartynight.com\/it\/wp-content\/uploads\/sites\/10\/2024\/01\/Nano-Ammanettato-Ibiza.jpg\" \/>\n\t<meta property=\"og:image:width\" content=\"400\" \/>\n\t<meta property=\"og:image:height\" content=\"400\" \/>\n\t<meta property=\"og:image:type\" content=\"image\/jpeg\" \/>\n<meta name=\"twitter:card\" content=\"summary_large_image\" \/>\n<meta name=\"twitter:label1\" content=\"Tiempo de lectura\" \/>\n\t<meta name=\"twitter:data1\" content=\"2 minutos\" \/>\n<script type=\"application\/ld+json\" class=\"yoast-schema-graph\">{\"@context\":\"https:\/\/schema.org\",\"@graph\":[{\"@type\":\"WebPage\",\"@id\":\"https:\/\/stagpartynight.com\/it\/product\/nano-ammanettato-ibiza\/\",\"url\":\"https:\/\/stagpartynight.com\/it\/product\/nano-ammanettato-ibiza\/\",\"name\":\"Nano Ammanettato Ibiza\",\"isPartOf\":{\"@id\":\"https:\/\/stagpartynight.com\/it\/#website\"},\"primaryImageOfPage\":{\"@id\":\"https:\/\/stagpartynight.com\/it\/product\/nano-ammanettato-ibiza\/#primaryimage\"},\"image\":{\"@id\":\"https:\/\/stagpartynight.com\/it\/product\/nano-ammanettato-ibiza\/#primaryimage\"},\"thumbnailUrl\":\"https:\/\/stagpartynight.com\/it\/wp-content\/uploads\/sites\/10\/2024\/01\/Nano-Ammanettato-Ibiza.jpg\",\"datePublished\":\"2024-01-08T09:22:43+00:00\",\"dateModified\":\"2024-01-30T09:52:06+00:00\",\"description\":\"Nano Ammanettato Ibiza. Un'attivit\u00e0 divertente per il vostro addio al celibato a Ibiza: un nano che vi accompagni per 1 ora ammanettato a voi!\",\"breadcrumb\":{\"@id\":\"https:\/\/stagpartynight.com\/it\/product\/nano-ammanettato-ibiza\/#breadcrumb\"},\"inLanguage\":\"es\",\"potentialAction\":[{\"@type\":\"ReadAction\",\"target\":[\"https:\/\/stagpartynight.com\/it\/product\/nano-ammanettato-ibiza\/\"]}]},{\"@type\":\"ImageObject\",\"inLanguage\":\"es\",\"@id\":\"https:\/\/stagpartynight.com\/it\/product\/nano-ammanettato-ibiza\/#primaryimage\",\"url\":\"https:\/\/stagpartynight.com\/it\/wp-content\/uploads\/sites\/10\/2024\/01\/Nano-Ammanettato-Ibiza.jpg\",\"contentUrl\":\"https:\/\/stagpartynight.com\/it\/wp-content\/uploads\/sites\/10\/2024\/01\/Nano-Ammanettato-Ibiza.jpg\",\"width\":400,\"height\":400,\"caption\":\"Nano Ammanettato Ibiza\"},{\"@type\":\"BreadcrumbList\",\"@id\":\"https:\/\/stagpartynight.com\/it\/product\/nano-ammanettato-ibiza\/#breadcrumb\",\"itemListElement\":[{\"@type\":\"ListItem\",\"position\":1,\"name\":\"Home\",\"item\":\"https:\/\/stagpartynight.com\/it\/\"},{\"@type\":\"ListItem\",\"position\":2,\"name\":\"Tienda\",\"item\":\"https:\/\/stagpartynight.com\/it\/tienda\/\"},{\"@type\":\"ListItem\",\"position\":3,\"name\":\"Nano Ammanettato Ibiza\"}]},{\"@type\":\"WebSite\",\"@id\":\"https:\/\/stagpartynight.com\/it\/#website\",\"url\":\"https:\/\/stagpartynight.com\/it\/\",\"name\":\"Stag Party Night\",\"description\":\"Your Stag Party Customized\",\"publisher\":{\"@id\":\"https:\/\/stagpartynight.com\/it\/#organization\"},\"potentialAction\":[{\"@type\":\"SearchAction\",\"target\":{\"@type\":\"EntryPoint\",\"urlTemplate\":\"https:\/\/stagpartynight.com\/it\/?s={search_term_string}\"},\"query-input\":{\"@type\":\"PropertyValueSpecification\",\"valueRequired\":true,\"valueName\":\"search_term_string\"}}],\"inLanguage\":\"es\"},{\"@type\":\"Organization\",\"@id\":\"https:\/\/stagpartynight.com\/it\/#organization\",\"name\":\"Stag Party Night\",\"url\":\"https:\/\/stagpartynight.com\/it\/\",\"logo\":{\"@type\":\"ImageObject\",\"inLanguage\":\"es\",\"@id\":\"https:\/\/stagpartynight.com\/it\/#\/schema\/logo\/image\/\",\"url\":\"https:\/\/stagpartynight.com\/it\/wp-content\/uploads\/sites\/10\/2019\/12\/stagpartynight-e1578565505687.png\",\"contentUrl\":\"https:\/\/stagpartynight.com\/it\/wp-content\/uploads\/sites\/10\/2019\/12\/stagpartynight-e1578565505687.png\",\"width\":400,\"height\":400,\"caption\":\"Stag Party Night\"},\"image\":{\"@id\":\"https:\/\/stagpartynight.com\/it\/#\/schema\/logo\/image\/\"}}]}<\/script>\n<!-- \/ Yoast SEO plugin. -->","yoast_head_json":{"title":"Nano Ammanettato Ibiza","description":"Nano Ammanettato Ibiza. Un'attivit\u00e0 divertente per il vostro addio al celibato a Ibiza: un nano che vi accompagni per 1 ora ammanettato a voi!","robots":{"index":"index","follow":"follow","max-snippet":"max-snippet:-1","max-image-preview":"max-image-preview:large","max-video-preview":"max-video-preview:-1"},"canonical":"https:\/\/stagpartynight.com\/it\/product\/nano-ammanettato-ibiza\/","og_locale":"es_ES","og_type":"article","og_title":"Nano Ammanettato Ibiza","og_description":"Nano Ammanettato Ibiza. Un'attivit\u00e0 divertente per il vostro addio al celibato a Ibiza: un nano che vi accompagni per 1 ora ammanettato a voi!","og_url":"https:\/\/stagpartynight.com\/it\/product\/nano-ammanettato-ibiza\/","og_site_name":"Addii - Scopri le idee pi\u00f9 originali per il tuo prossimo addio","article_modified_time":"2024-01-30T09:52:06+00:00","og_image":[{"width":400,"height":400,"url":"https:\/\/stagpartynight.com\/it\/wp-content\/uploads\/sites\/10\/2024\/01\/Nano-Ammanettato-Ibiza.jpg","type":"image\/jpeg"}],"twitter_card":"summary_large_image","twitter_misc":{"Tiempo de lectura":"2 minutos"},"schema":{"@context":"https:\/\/schema.org","@graph":[{"@type":"WebPage","@id":"https:\/\/stagpartynight.com\/it\/product\/nano-ammanettato-ibiza\/","url":"https:\/\/stagpartynight.com\/it\/product\/nano-ammanettato-ibiza\/","name":"Nano Ammanettato Ibiza","isPartOf":{"@id":"https:\/\/stagpartynight.com\/it\/#website"},"primaryImageOfPage":{"@id":"https:\/\/stagpartynight.com\/it\/product\/nano-ammanettato-ibiza\/#primaryimage"},"image":{"@id":"https:\/\/stagpartynight.com\/it\/product\/nano-ammanettato-ibiza\/#primaryimage"},"thumbnailUrl":"https:\/\/stagpartynight.com\/it\/wp-content\/uploads\/sites\/10\/2024\/01\/Nano-Ammanettato-Ibiza.jpg","datePublished":"2024-01-08T09:22:43+00:00","dateModified":"2024-01-30T09:52:06+00:00","description":"Nano Ammanettato Ibiza. Un'attivit\u00e0 divertente per il vostro addio al celibato a Ibiza: un nano che vi accompagni per 1 ora ammanettato a voi!","breadcrumb":{"@id":"https:\/\/stagpartynight.com\/it\/product\/nano-ammanettato-ibiza\/#breadcrumb"},"inLanguage":"es","potentialAction":[{"@type":"ReadAction","target":["https:\/\/stagpartynight.com\/it\/product\/nano-ammanettato-ibiza\/"]}]},{"@type":"ImageObject","inLanguage":"es","@id":"https:\/\/stagpartynight.com\/it\/product\/nano-ammanettato-ibiza\/#primaryimage","url":"https:\/\/stagpartynight.com\/it\/wp-content\/uploads\/sites\/10\/2024\/01\/Nano-Ammanettato-Ibiza.jpg","contentUrl":"https:\/\/stagpartynight.com\/it\/wp-content\/uploads\/sites\/10\/2024\/01\/Nano-Ammanettato-Ibiza.jpg","width":400,"height":400,"caption":"Nano Ammanettato Ibiza"},{"@type":"BreadcrumbList","@id":"https:\/\/stagpartynight.com\/it\/product\/nano-ammanettato-ibiza\/#breadcrumb","itemListElement":[{"@type":"ListItem","position":1,"name":"Home","item":"https:\/\/stagpartynight.com\/it\/"},{"@type":"ListItem","position":2,"name":"Tienda","item":"https:\/\/stagpartynight.com\/it\/tienda\/"},{"@type":"ListItem","position":3,"name":"Nano Ammanettato Ibiza"}]},{"@type":"WebSite","@id":"https:\/\/stagpartynight.com\/it\/#website","url":"https:\/\/stagpartynight.com\/it\/","name":"Stag Party Night","description":"Your Stag Party Customized","publisher":{"@id":"https:\/\/stagpartynight.com\/it\/#organization"},"potentialAction":[{"@type":"SearchAction","target":{"@type":"EntryPoint","urlTemplate":"https:\/\/stagpartynight.com\/it\/?s={search_term_string}"},"query-input":{"@type":"PropertyValueSpecification","valueRequired":true,"valueName":"search_term_string"}}],"inLanguage":"es"},{"@type":"Organization","@id":"https:\/\/stagpartynight.com\/it\/#organization","name":"Stag Party Night","url":"https:\/\/stagpartynight.com\/it\/","logo":{"@type":"ImageObject","inLanguage":"es","@id":"https:\/\/stagpartynight.com\/it\/#\/schema\/logo\/image\/","url":"https:\/\/stagpartynight.com\/it\/wp-content\/uploads\/sites\/10\/2019\/12\/stagpartynight-e1578565505687.png","contentUrl":"https:\/\/stagpartynight.com\/it\/wp-content\/uploads\/sites\/10\/2019\/12\/stagpartynight-e1578565505687.png","width":400,"height":400,"caption":"Stag Party Night"},"image":{"@id":"https:\/\/stagpartynight.com\/it\/#\/schema\/logo\/image\/"}}]}},"_links":{"self":[{"href":"https:\/\/stagpartynight.com\/it\/wp-json\/wp\/v2\/product\/3787","targetHints":{"allow":["GET"]}}],"collection":[{"href":"https:\/\/stagpartynight.com\/it\/wp-json\/wp\/v2\/product"}],"about":[{"href":"https:\/\/stagpartynight.com\/it\/wp-json\/wp\/v2\/types\/product"}],"replies":[{"embeddable":true,"href":"https:\/\/stagpartynight.com\/it\/wp-json\/wp\/v2\/comments?post=3787"}],"wp:featuredmedia":[{"embeddable":true,"href":"https:\/\/stagpartynight.com\/it\/wp-json\/wp\/v2\/media\/3788"}],"wp:attachment":[{"href":"https:\/\/stagpartynight.com\/it\/wp-json\/wp\/v2\/media?parent=3787"}],"wp:term":[{"taxonomy":"product_brand","embeddable":true,"href":"https:\/\/stagpartynight.com\/it\/wp-json\/wp\/v2\/product_brand?post=3787"},{"taxonomy":"product_cat","embeddable":true,"href":"https:\/\/stagpartynight.com\/it\/wp-json\/wp\/v2\/product_cat?post=3787"},{"taxonomy":"product_tag","embeddable":true,"href":"https:\/\/stagpartynight.com\/it\/wp-json\/wp\/v2\/product_tag?post=3787"}],"curies":[{"name":"wp","href":"https:\/\/api.w.org\/{rel}","templated":true}]}}